{"id":2,"date":"2026-04-13T16:26:29","date_gmt":"2026-04-13T16:26:29","guid":{"rendered":"http:\/\/salonpepite.fr\/?page_id=2"},"modified":"2026-04-14T18:05:18","modified_gmt":"2026-04-14T18:05:18","slug":"sample-page","status":"publish","type":"page","link":"https:\/\/salonpepite.fr\/index.php\/sample-page\/","title":{"rendered":"Pour les domaines viticoles"},"content":{"rendered":"\n<p>Au salon P\u00e9pite nous sommes heureux d\u2019accueillir tous les Vigneron qui font leur m\u00e9tier sur des parcelles de moins de 5 hectares. Les demandes d\u2019 inscriptions se font soit par le site, soit par mail, soit par t\u00e9l\u00e9phone.<\/p>\n\n\n\n<blockquote class=\"wp-block-quote is-layout-flow wp-block-quote-is-layout-flow\">\n<p>Apr\u00e8s la r\u00e9ception de votre fiche d\u2019inscription et de votre r\u00e8glement. Nous vous confirmons votre participation \u00e0 l\u2019\u00e9dition du Salon P\u00e9pite. Cette inscription comprend un emplacement, du mobilier, des verre et un repas pour une personne.<\/p>\n<\/blockquote>\n\n\n\n<h2 class=\"wp-block-heading\"><strong>Pour les professionnels du vins <\/strong><\/h2>\n\n\n\n<blockquote class=\"wp-block-quote is-layout-flow wp-block-quote-is-layout-flow\">\n<p>Nous avons voulu que le Salon P\u00e9pite soit gratuit pour les professionnels du Vin..<\/p>\n<\/blockquote>\n\n\n\n<p>En venant au Salon P\u00e9pite vous participez au d\u00e9veloppement des petits vignobles de qualit\u00e9, vous encouragez des circuits courts et d\u00e9couvrez des vins uniques, issus de petites productions, ma\u00eetris\u00e9es.<\/p>\n\n\n\n<p><\/p>\n","protected":false},"excerpt":{"rendered":"<p>Au salon P\u00e9pite nous sommes heureux d\u2019accueillir tous les Vigneron qui font leur m\u00e9tier sur des parcelles de moins de 5 hectares. Les demandes d\u2019 inscriptions se font soit par le site, soit par mail, soit par t\u00e9l\u00e9phone. Apr\u00e8s la r\u00e9ception de votre fiche d\u2019inscription et de votre r\u00e8glement. Nous vous confirmons votre participation \u00e0 [&hellip;]<\/p>\n","protected":false},"author":1,"featured_media":0,"parent":0,"menu_order":0,"comment_status":"closed","ping_status":"open","template":"","meta":{"footnotes":""},"class_list":["post-2","page","type-page","status-publish","hentry"],"_links":{"self":[{"href":"https:\/\/salonpepite.fr\/index.php\/wp-json\/wp\/v2\/pages\/2","targetHints":{"allow":["GET"]}}],"collection":[{"href":"https:\/\/salonpepite.fr\/index.php\/wp-json\/wp\/v2\/pages"}],"about":[{"href":"https:\/\/salonpepite.fr\/index.php\/wp-json\/wp\/v2\/types\/page"}],"author":[{"embeddable":true,"href":"https:\/\/salonpepite.fr\/index.php\/wp-json\/wp\/v2\/users\/1"}],"replies":[{"embeddable":true,"href":"https:\/\/salonpepite.fr\/index.php\/wp-json\/wp\/v2\/comments?post=2"}],"version-history":[{"count":6,"href":"https:\/\/salonpepite.fr\/index.php\/wp-json\/wp\/v2\/pages\/2\/revisions"}],"predecessor-version":[{"id":34,"href":"https:\/\/salonpepite.fr\/index.php\/wp-json\/wp\/v2\/pages\/2\/revisions\/34"}],"wp:attachment":[{"href":"https:\/\/salonpepite.fr\/index.php\/wp-json\/wp\/v2\/media?parent=2"}],"curies":[{"name":"wp","href":"https:\/\/api.w.org\/{rel}","templated":true}]}}